{"id":6335,"date":"2023-03-11T16:31:12","date_gmt":"2023-03-11T15:31:12","guid":{"rendered":"https:\/\/www.hlead-export.com\/dichiarazione-privacy\/"},"modified":"2023-08-04T14:56:29","modified_gmt":"2023-08-04T12:56:29","slug":"dichiarazione-privacy","status":"publish","type":"page","link":"https:\/\/www.hlead-export.com\/it\/dichiarazione-privacy\/","title":{"rendered":"Dichiarazione Privacy"},"content":{"rendered":"\t\t<div data-elementor-type=\"wp-page\" data-elementor-id=\"6335\" class=\"elementor elementor-6335 elementor-3\">\n\t\t\t\t\t\t\t\t\t<section class=\"elementor-section elementor-top-section elementor-element elementor-element-e36ed80 elementor-section-boxed elementor-section-height-default elementor-section-height-default\" data-id=\"e36ed80\" data-element_type=\"section\">\n\t\t\t\t\t\t<div class=\"elementor-container elementor-column-gap-default\">\n\t\t\t\t\t<div class=\"elementor-column elementor-col-100 elementor-top-column elementor-element elementor-element-dee19d5\" data-id=\"dee19d5\" data-element_type=\"column\">\n\t\t\t<div class=\"elementor-widget-wrap elementor-element-populated\">\n\t\t\t\t\t\t\t\t<div class=\"elementor-element elementor-element-44367db elementor-widget elementor-widget-text-editor\" data-id=\"44367db\" data-element_type=\"widget\" data-widget_type=\"text-editor.default\">\n\t\t\t\t<div class=\"elementor-widget-container\">\n\t\t\t\t\t\t\t<div class=\"s3-t s3-t0\">\n<p><strong>Avviso generale e informazioni obbligatorie<br \/>\n<\/strong><\/p>\n<p><strong>Designazione del responsabile<\/strong><\/p>\n<p>Il responsabile del trattamento dei dati su questo sito web \u00e8:<\/p>\n<p>H-Lead &#8211; Herwig Lutz Esportazione e Distribuzione<br \/>\nHerwig Lutz<br \/>\nHugo-Eckener-Strasse 5<br \/>\n70794 Filderstadt<\/p>\n<p>L&#8217;ente responsabile decide da solo o insieme ad altri le finalit\u00e0 e i mezzi del trattamento dei dati personali (ad esempio, nomi, dati di contatto o simili).<\/p>\n<p><strong>Revoca del consenso al trattamento dei dati<\/strong><\/p>\n<p>Alcune operazioni di trattamento dei dati sono possibili solo con il vostro consenso esplicito. Potete revocare il vostro consenso in qualsiasi momento. Per la revoca \u00e8 sufficiente una comunicazione informale via e-mail. La legalit\u00e0 del trattamento dei dati effettuato fino alla revoca rimane inalterata.<\/p>\n<p><strong>Diritto di proporre reclamo all&#8217;autorit\u00e0 di controllo competente<\/strong><\/p>\n<p>In qualit\u00e0 di soggetto interessato, avete il diritto di presentare un reclamo all&#8217;autorit\u00e0 di controllo competente in caso di violazione della protezione dei dati. L&#8217;autorit\u00e0 di controllo competente in materia di protezione dei dati \u00e8 il Commissario di Stato per la protezione dei dati dello Stato federale in cui si trova la sede legale della nostra azienda. Il seguente link fornisce un elenco dei responsabili della protezione dei dati e i loro dettagli di contatto: <a href=\"https:\/\/www.bfdi.bund.de\/DE\/Infothek\/Anschriften_Links\/anschriften_links-node.html\" target=\"_blank\" rel=\"noopener\">https:\/\/www.bfdi.bund.de\/DE\/Infothek\/Anschriften_Links\/anschriften_links-node.html<\/a>.<\/p>\n<p><strong>Diritto alla portabilit\u00e0 dei dati<\/strong><\/p>\n<p>Avete il diritto di farvi consegnare i dati che elaboriamo automaticamente sulla base del vostro consenso o in adempimento di un contratto o a terzi. I dati saranno forniti in un formato leggibile a macchina. Se richiedete il trasferimento diretto dei dati a un&#8217;altra parte responsabile, ci\u00f2 avverr\u00e0 solo nella misura in cui \u00e8 tecnicamente possibile.<\/p>\n<p><strong>Diritto di informazione, correzione, blocco, cancellazione<\/strong><\/p>\n<p>Nell&#8217;ambito delle disposizioni di legge applicabili, avete il diritto di ottenere in qualsiasi momento informazioni gratuite sui vostri dati personali memorizzati, sull&#8217;origine dei dati, sui destinatari e sullo scopo del trattamento dei dati e, se del caso, il diritto alla correzione, al blocco o alla cancellazione di tali dati. A questo proposito e anche per ulteriori domande sul tema dei dati personali, potete contattarci in qualsiasi momento tramite le opzioni di contatto elencate nell&#8217;impronta.<\/p>\n<p><strong>Crittografia SSL o TLS<\/strong><\/p>\n<p>Per motivi di sicurezza e per proteggere la trasmissione di contenuti riservati che ci inviate in qualit\u00e0 di gestori del sito, il nostro sito web utilizza la crittografia SSL o TLS. Ci\u00f2 significa che i dati trasmessi tramite questo sito web non possono essere letti da terzi. Una connessione criptata \u00e8 riconoscibile dalla riga dell&#8217;indirizzo &#8220;https:\/\/&#8221; del vostro browser e dal simbolo del lucchetto nella riga del browser.<\/p>\n<\/div>\n<div class=\"s3-t s3-t2\">\n<p><strong>File di log del server<\/strong><\/p>\n<p>Nei file di log del server, il provider del sito web raccoglie e memorizza automaticamente le informazioni che il vostro browser ci trasmette automaticamente. Queste sono:<\/p>\n<ul>\n<li>Pagina visitata sul nostro dominio<\/li>\n<li>Data e ora della richiesta al server<\/li>\n<li>Tipo e versione del browser<\/li>\n<li>Sistema operativo utilizzato<\/li>\n<li>URL di riferimento<\/li>\n<li>Nome host del computer di accesso<\/li>\n<li>Indirizzo IP<\/li>\n<\/ul>\n<p>Questi dati non vengono uniti ad altre fonti di dati. Il trattamento dei dati si basa sull&#8217;art. 6 comma 1 lett. b DSGVO, che consente il trattamento dei dati per l&#8217;adempimento di un contratto o di misure precontrattuali.<\/p>\n<\/div>\n<div class=\"s3-t s3-t0\">\n<p><small>Fonte: Configuratore di protezione dei dati da <a href=\"http:\/\/www.mein-datenschutzbeauftragter.de\" target=\"_blank\" rel=\"noopener\">mein-datenschutzbeauftragter.de<\/a><\/small><\/p>\n<\/div>\n\t\t\t\t\t\t<\/div>\n\t\t\t\t<\/div>\n\t\t\t\t\t<\/div>\n\t\t<\/div>\n\t\t\t\t\t\t\t<\/div>\n\t\t<\/section>\n\t\t\t\t\t\t\t<\/div>\n\t\t","protected":false},"excerpt":{"rendered":"<p>Avviso generale e informazioni obbligatorie Designazione del responsabile Il responsabile del trattamento dei dati su questo sito web \u00e8: H-Lead &#8211; Herwig Lutz Esportazione e Distribuzione Herwig Lutz Hugo-Eckener-Strasse 5 70794 Filderstadt L&#8217;ente responsabile decide da solo o insieme ad altri le finalit\u00e0 e i mezzi del trattamento dei dati personali (ad esempio, nomi, dati&hellip;<\/p>\n","protected":false},"author":1,"featured_media":0,"parent":0,"menu_order":0,"comment_status":"closed","ping_status":"open","template":"elementor_header_footer","meta":{"footnotes":""},"class_list":["post-6335","page","type-page","status-publish","hentry"],"_links":{"self":[{"href":"https:\/\/www.hlead-export.com\/it\/wp-json\/wp\/v2\/pages\/6335","targetHints":{"allow":["GET"]}}],"collection":[{"href":"https:\/\/www.hlead-export.com\/it\/wp-json\/wp\/v2\/pages"}],"about":[{"href":"https:\/\/www.hlead-export.com\/it\/wp-json\/wp\/v2\/types\/page"}],"author":[{"embeddable":true,"href":"https:\/\/www.hlead-export.com\/it\/wp-json\/wp\/v2\/users\/1"}],"replies":[{"embeddable":true,"href":"https:\/\/www.hlead-export.com\/it\/wp-json\/wp\/v2\/comments?post=6335"}],"version-history":[{"count":3,"href":"https:\/\/www.hlead-export.com\/it\/wp-json\/wp\/v2\/pages\/6335\/revisions"}],"predecessor-version":[{"id":6340,"href":"https:\/\/www.hlead-export.com\/it\/wp-json\/wp\/v2\/pages\/6335\/revisions\/6340"}],"wp:attachment":[{"href":"https:\/\/www.hlead-export.com\/it\/wp-json\/wp\/v2\/media?parent=6335"}],"curies":[{"name":"wp","href":"https:\/\/api.w.org\/{rel}","templated":true}]}}